{"id":158,"date":"2020-10-25T21:13:04","date_gmt":"2020-10-25T20:13:04","guid":{"rendered":"https:\/\/www.physio-grubweg.de\/?page_id=158"},"modified":"2020-10-25T21:13:04","modified_gmt":"2020-10-25T20:13:04","slug":"impressum","status":"publish","type":"page","link":"https:\/\/www.physio-grubweg.de\/?page_id=158","title":{"rendered":"Impressum"},"content":{"rendered":"\n<p><strong>Susanne Meves<\/strong><br>Am Seidenhof 23<br>94034 Passau<\/p>\n\n\n\n<p>Telefon: (0851) 43833<br>E-Mail:&nbsp;<a href=\"mailto:%69%6e%66%6f@%70%68%79%73%69%6f-%67%72%75%62%77%65%67.%64%65\">info@physio-grubweg.de<\/a><\/p>\n\n\n\n<p>Berufsbezeichnung: Physiotherapeutin (verliehen in Deutschland).<\/p>\n\n\n\n<p>Berufsrechtliche Regelungen:&nbsp;<a href=\"https:\/\/www.gesetze-im-internet.de\/mphg\/BJNR108400994.html\">Gesetz \u00fcber die Berufe in der Physiotherapie (Masseur- und Physiotherapeutengesetz-MPhG)<\/a>&nbsp;vom 26. Mai 1994 (Bundesgesetzblatt I Seite 1084)<\/p>\n\n\n\n<p><strong>Stefanie Kastner<\/strong><br>Am Seidenhof 23<br>94034 Passau<\/p>\n\n\n\n<p>Telefon: (0851) 43833<br>E-Mail:&nbsp;<a href=\"mailto:%69%6e%66%6f@%70%68%79%73%69%6f-%67%72%75%62%77%65%67.%64%65\">info@physio-grubweg.de<\/a><\/p>\n\n\n\n<p>Berufsbezeichnung: Physiotherapeutin (verliehen in Deutschland).<\/p>\n\n\n\n<p>Berufsrechtliche Regelungen:&nbsp;<a href=\"https:\/\/www.gesetze-im-internet.de\/mphg\/BJNR108400994.html\">Gesetz \u00fcber die Berufe in der Physiotherapie (Masseur- und Physiotherapeutengesetz-MPhG)<\/a>&nbsp;vom 26. Mai 1994 (Bundesgesetzblatt I Seite 1084)<\/p>\n\n\n\n<p>Verantwortlich f\u00fcr den Inhalt der Internetseite<br>Praxisgemeinschaft f\u00fcr Krankengymnastik Massage, Lymphdrainage<br>Susanne Meves &amp; Stefanie Kastner<\/p>\n\n\n\n<p>Es gilt die&nbsp;<a href=\"https:\/\/www.physio-grubweg.de\/index.php?page=dsgvo\">Datenschutzerkl\u00e4rung<\/a>.<\/p>\n\n\n\n<p>Webdesign<br>Rainer Opitz<\/p>\n\n\n\n<p>Haftungshinweis<br>Trotz sorgf\u00e4ltiger inhaltlicher Kontrolle \u00fcbernehmen wir keine Haftung f\u00fcr die Inhalte externer Links. F\u00fcr den Inhalt der verlinkten Seiten sind ausschlie\u00dflich deren Betreiber verantwortlich.<\/p>\n\n\n\n<p>Urheberrecht<br>Das Material dieser Website ist urheberrechtlich durch die\u00a0Praxisgemeinschaft f\u00fcr Krankengymnastik Susanne Meves &amp; Stefanie Kastner gesch\u00fctzt. Alle Rechte vorbehalten. Kopieren und Verwenden der Inhalte und Abbildungen der Website bedarf einer schriftlichen Zustimmung. Kopieren, Vervielf\u00e4ltigen oder Ver\u00e4ndern der Website ist verboten.<\/p>\n","protected":false},"excerpt":{"rendered":"<p>Susanne MevesAm Seidenhof 2394034 Passau Telefon: (0851) 43833E-Mail:&nbsp;info@physio-grubweg.de Berufsbezeichnung: Physiotherapeutin (verliehen in Deutschland). Berufsrechtliche Regelungen:&nbsp;Gesetz \u00fcber die Berufe in der Physiotherapie (Masseur- und Physiotherapeutengesetz-MPhG)&nbsp;vom 26. [&#8230;]<\/p>\n","protected":false},"author":1,"featured_media":0,"parent":0,"menu_order":0,"comment_status":"closed","ping_status":"closed","template":"","meta":{"ngg_post_thumbnail":0,"footnotes":""},"class_list":["post-158","page","type-page","status-publish","hentry"],"_links":{"self":[{"href":"https:\/\/www.physio-grubweg.de\/index.php?rest_route=\/wp\/v2\/pages\/158","targetHints":{"allow":["GET"]}}],"collection":[{"href":"https:\/\/www.physio-grubweg.de\/index.php?rest_route=\/wp\/v2\/pages"}],"about":[{"href":"https:\/\/www.physio-grubweg.de\/index.php?rest_route=\/wp\/v2\/types\/page"}],"author":[{"embeddable":true,"href":"https:\/\/www.physio-grubweg.de\/index.php?rest_route=\/wp\/v2\/users\/1"}],"replies":[{"embeddable":true,"href":"https:\/\/www.physio-grubweg.de\/index.php?rest_route=%2Fwp%2Fv2%2Fcomments&post=158"}],"version-history":[{"count":1,"href":"https:\/\/www.physio-grubweg.de\/index.php?rest_route=\/wp\/v2\/pages\/158\/revisions"}],"predecessor-version":[{"id":159,"href":"https:\/\/www.physio-grubweg.de\/index.php?rest_route=\/wp\/v2\/pages\/158\/revisions\/159"}],"wp:attachment":[{"href":"https:\/\/www.physio-grubweg.de\/index.php?rest_route=%2Fwp%2Fv2%2Fmedia&parent=158"}],"curies":[{"name":"wp","href":"https:\/\/api.w.org\/{rel}","templated":true}]}}